{"id":4271,"date":"2024-01-21T20:06:44","date_gmt":"2024-01-21T19:06:44","guid":{"rendered":"https:\/\/lespion.fr\/shop\/?post_type=product&#038;p=4271"},"modified":"2024-03-11T12:43:47","modified_gmt":"2024-03-11T11:43:47","slug":"joseph-melange-tweed-jovanna-jacket-cassonade","status":"publish","type":"product","link":"https:\/\/lespion.fr\/shop\/p\/pull\/joseph-melange-tweed-jovanna-jacket-cassonade\/","title":{"rendered":"JOSEPH <br \/> Melange Tweed Jovanna Jacket &#8211; Cassonade"},"content":{"rendered":"","protected":false},"excerpt":{"rendered":"<p>La veste Jovanna Tweed de Joseph sera un ajout intemporel \u00e0 votre garde-robe. Confectionn\u00e9e de main de ma\u00eetre \u00e0 partir d&rsquo;un luxueux m\u00e9lange de coton et de lin, cette pi\u00e8ce pr\u00e9sente un ourlet plus court, des \u00e9paules subtilement rembourr\u00e9es, une patte de boutonnage dissimul\u00e9e sur le devant et des poches passepoil\u00e9es sur le devant pour plus d&rsquo;\u00e9l\u00e9gance. Portez-le sans effort avec un pantalon ton sur ton ou un denim pour un look chic et sophistiqu\u00e9 au quotidien.<\/p>\n","protected":false},"featured_media":4272,"template":"","meta":[],"product_cat":[166],"product_tag":[152],"ams_default_variation_id":0,"ams_product_points_reward":[],"ams_product_discount_percentage":0,"ams_price_to_display":0,"ams_acf":[],"yoast_head":"<!-- This site is optimized with the Yoast SEO Premium plugin v22.0 (Yoast SEO v22.6) - https:\/\/yoast.com\/wordpress\/plugins\/seo\/ -->\n<title>JOSEPH  Melange Tweed Jovanna Jacket - Cassonade Boutique L&#039;Espion Cr\u00e9ateurs Designers Femmes Toulouse Rue Croix Baragnon<\/title>\n<meta name=\"description\" content=\"JOSEPH  Melange Tweed Jovanna Jacket - Cassonade Boutique L&#039;Espion Cr\u00e9ateurs Designers Femmes Toulouse Rue Croix Baragnon\" \/>\n<meta name=\"robots\" content=\"index, follow, max-snippet:-1, max-image-preview:large, max-video-preview:-1\" \/>\n<link rel=\"canonical\" href=\"https:\/\/lespion.fr\/shop\/p\/pull\/joseph-melange-tweed-jovanna-jacket-cassonade\/\" \/>\n<meta property=\"og:locale\" content=\"fr_FR\" \/>\n<meta property=\"og:type\" content=\"article\" \/>\n<meta property=\"og:title\" content=\"JOSEPH  Melange Tweed Jovanna Jacket - Cassonade\" \/>\n<meta property=\"og:description\" content=\"JOSEPH  Melange Tweed Jovanna Jacket - Cassonade Boutique L&#039;Espion Cr\u00e9ateurs Designers Femmes Toulouse Rue Croix Baragnon\" \/>\n<meta property=\"og:url\" content=\"https:\/\/lespion.fr\/shop\/p\/pull\/joseph-melange-tweed-jovanna-jacket-cassonade\/\" \/>\n<meta property=\"og:site_name\" content=\"L&#039;ESPION\" \/>\n<meta property=\"article:publisher\" content=\"https:\/\/www.facebook.com\/boutiquelespion\" \/>\n<meta property=\"article:modified_time\" content=\"2024-03-11T11:43:47+00:00\" \/>\n<meta property=\"og:image\" content=\"https:\/\/lespion.fr\/shop\/wp-content\/uploads\/sites\/4\/2024\/01\/Melange-Tweed-Jovanna-Jacket-Cassonade.jpeg\" \/>\n\t<meta property=\"og:image:width\" content=\"1200\" \/>\n\t<meta property=\"og:image:height\" content=\"1800\" \/>\n\t<meta property=\"og:image:type\" content=\"image\/jpeg\" \/>\n<meta name=\"twitter:card\" content=\"summary_large_image\" \/>\n<script type=\"application\/ld+json\" class=\"yoast-schema-graph\">{\"@context\":\"https:\/\/schema.org\",\"@graph\":[{\"@type\":\"WebPage\",\"@id\":\"https:\/\/lespion.fr\/shop\/p\/pull\/joseph-melange-tweed-jovanna-jacket-cassonade\/\",\"url\":\"https:\/\/lespion.fr\/shop\/p\/pull\/joseph-melange-tweed-jovanna-jacket-cassonade\/\",\"name\":\"JOSEPH Melange Tweed Jovanna Jacket - Cassonade Boutique L'Espion Cr\u00e9ateurs Designers Femmes Toulouse Rue Croix Baragnon\",\"isPartOf\":{\"@id\":\"https:\/\/lespion.fr\/shop\/#website\"},\"primaryImageOfPage\":{\"@id\":\"https:\/\/lespion.fr\/shop\/p\/pull\/joseph-melange-tweed-jovanna-jacket-cassonade\/#primaryimage\"},\"image\":{\"@id\":\"https:\/\/lespion.fr\/shop\/p\/pull\/joseph-melange-tweed-jovanna-jacket-cassonade\/#primaryimage\"},\"thumbnailUrl\":\"https:\/\/lespion.fr\/shop\/wp-content\/uploads\/sites\/4\/2024\/01\/Melange-Tweed-Jovanna-Jacket-Cassonade.jpeg\",\"datePublished\":\"2024-01-21T19:06:44+00:00\",\"dateModified\":\"2024-03-11T11:43:47+00:00\",\"description\":\"JOSEPH Melange Tweed Jovanna Jacket - Cassonade Boutique L'Espion Cr\u00e9ateurs Designers Femmes Toulouse Rue Croix Baragnon\",\"breadcrumb\":{\"@id\":\"https:\/\/lespion.fr\/shop\/p\/pull\/joseph-melange-tweed-jovanna-jacket-cassonade\/#breadcrumb\"},\"inLanguage\":\"fr-FR\",\"potentialAction\":[{\"@type\":\"ReadAction\",\"target\":[\"https:\/\/lespion.fr\/shop\/p\/pull\/joseph-melange-tweed-jovanna-jacket-cassonade\/\"]}]},{\"@type\":\"ImageObject\",\"inLanguage\":\"fr-FR\",\"@id\":\"https:\/\/lespion.fr\/shop\/p\/pull\/joseph-melange-tweed-jovanna-jacket-cassonade\/#primaryimage\",\"url\":\"https:\/\/lespion.fr\/shop\/wp-content\/uploads\/sites\/4\/2024\/01\/Melange-Tweed-Jovanna-Jacket-Cassonade.jpeg\",\"contentUrl\":\"https:\/\/lespion.fr\/shop\/wp-content\/uploads\/sites\/4\/2024\/01\/Melange-Tweed-Jovanna-Jacket-Cassonade.jpeg\",\"width\":1200,\"height\":1800},{\"@type\":\"BreadcrumbList\",\"@id\":\"https:\/\/lespion.fr\/shop\/p\/pull\/joseph-melange-tweed-jovanna-jacket-cassonade\/#breadcrumb\",\"itemListElement\":[{\"@type\":\"ListItem\",\"position\":1,\"name\":\"Accueil\",\"item\":\"https:\/\/lespion.fr\/shop\/\"},{\"@type\":\"ListItem\",\"position\":2,\"name\":\"L&rsquo;Espion Boutique Cr\u00e9ateur Designer Toulouse\",\"item\":\"https:\/\/lespion.fr\/shop\/shop\/\"},{\"@type\":\"ListItem\",\"position\":3,\"name\":\"JOSEPH Melange Tweed Jovanna Jacket &#8211; Cassonade\"}]},{\"@type\":\"WebSite\",\"@id\":\"https:\/\/lespion.fr\/shop\/#website\",\"url\":\"https:\/\/lespion.fr\/shop\/\",\"name\":\"L'ESPION Boutique Cr\u00e9ateurs Toulouse\",\"description\":\"L&#039;Espion Boutique Cr\u00e9ateur Designer Toulouse\",\"publisher\":{\"@id\":\"https:\/\/lespion.fr\/shop\/#organization\"},\"alternateName\":\"L'Espion Boutique Cr\u00e9ateur Designer Toulouse\",\"potentialAction\":[{\"@type\":\"SearchAction\",\"target\":{\"@type\":\"EntryPoint\",\"urlTemplate\":\"https:\/\/lespion.fr\/shop\/?s={search_term_string}\"},\"query-input\":\"required name=search_term_string\"}],\"inLanguage\":\"fr-FR\"},{\"@type\":\"Organization\",\"@id\":\"https:\/\/lespion.fr\/shop\/#organization\",\"name\":\"L'ESPION Boutique Cr\u00e9ateurs Toulouse\",\"alternateName\":\"L'Espion Boutique Cr\u00e9ateur Designer Toulouse\",\"url\":\"https:\/\/lespion.fr\/shop\/\",\"logo\":{\"@type\":\"ImageObject\",\"inLanguage\":\"fr-FR\",\"@id\":\"https:\/\/lespion.fr\/shop\/#\/schema\/logo\/image\/\",\"url\":\"https:\/\/lespion.fr\/shop\/wp-content\/uploads\/sites\/4\/2023\/12\/telechargement.jpg\",\"contentUrl\":\"https:\/\/lespion.fr\/shop\/wp-content\/uploads\/sites\/4\/2023\/12\/telechargement.jpg\",\"width\":225,\"height\":225,\"caption\":\"L'ESPION Boutique Cr\u00e9ateurs Toulouse\"},\"image\":{\"@id\":\"https:\/\/lespion.fr\/shop\/#\/schema\/logo\/image\/\"},\"sameAs\":[\"https:\/\/www.facebook.com\/boutiquelespion\",\"https:\/\/www.instagram.com\/boutiquelespion\/\"],\"description\":\"Boutique L'Espion Cr\u00e9ateurs Designers Toulouse\",\"legalName\":\"Boutique L'Espion Cr\u00e9ateurs Designers Toulouse\",\"publishingPrinciples\":\"https:\/\/lespion.fr\/shop\/\",\"ownershipFundingInfo\":\"https:\/\/lespion.fr\/shop\/\",\"actionableFeedbackPolicy\":\"https:\/\/lespion.fr\/shop\/\",\"ethicsPolicy\":\"https:\/\/lespion.fr\/shop\/\",\"diversityPolicy\":\"https:\/\/lespion.fr\/shop\/\",\"diversityStaffingReport\":\"https:\/\/lespion.fr\/shop\/\"}]}<\/script>\n<!-- \/ Yoast SEO Premium plugin. -->","yoast_head_json":{"title":"JOSEPH  Melange Tweed Jovanna Jacket - Cassonade Boutique L'Espion Cr\u00e9ateurs Designers Femmes Toulouse Rue Croix Baragnon","description":"JOSEPH  Melange Tweed Jovanna Jacket - Cassonade Boutique L'Espion Cr\u00e9ateurs Designers Femmes Toulouse Rue Croix Baragnon","robots":{"index":"index","follow":"follow","max-snippet":"max-snippet:-1","max-image-preview":"max-image-preview:large","max-video-preview":"max-video-preview:-1"},"canonical":"https:\/\/lespion.fr\/shop\/p\/pull\/joseph-melange-tweed-jovanna-jacket-cassonade\/","og_locale":"fr_FR","og_type":"article","og_title":"JOSEPH  Melange Tweed Jovanna Jacket - Cassonade","og_description":"JOSEPH  Melange Tweed Jovanna Jacket - Cassonade Boutique L'Espion Cr\u00e9ateurs Designers Femmes Toulouse Rue Croix Baragnon","og_url":"https:\/\/lespion.fr\/shop\/p\/pull\/joseph-melange-tweed-jovanna-jacket-cassonade\/","og_site_name":"L&#039;ESPION","article_publisher":"https:\/\/www.facebook.com\/boutiquelespion","article_modified_time":"2024-03-11T11:43:47+00:00","og_image":[{"width":1200,"height":1800,"url":"https:\/\/lespion.fr\/shop\/wp-content\/uploads\/sites\/4\/2024\/01\/Melange-Tweed-Jovanna-Jacket-Cassonade.jpeg","type":"image\/jpeg"}],"twitter_card":"summary_large_image","schema":{"@context":"https:\/\/schema.org","@graph":[{"@type":"WebPage","@id":"https:\/\/lespion.fr\/shop\/p\/pull\/joseph-melange-tweed-jovanna-jacket-cassonade\/","url":"https:\/\/lespion.fr\/shop\/p\/pull\/joseph-melange-tweed-jovanna-jacket-cassonade\/","name":"JOSEPH Melange Tweed Jovanna Jacket - Cassonade Boutique L'Espion Cr\u00e9ateurs Designers Femmes Toulouse Rue Croix Baragnon","isPartOf":{"@id":"https:\/\/lespion.fr\/shop\/#website"},"primaryImageOfPage":{"@id":"https:\/\/lespion.fr\/shop\/p\/pull\/joseph-melange-tweed-jovanna-jacket-cassonade\/#primaryimage"},"image":{"@id":"https:\/\/lespion.fr\/shop\/p\/pull\/joseph-melange-tweed-jovanna-jacket-cassonade\/#primaryimage"},"thumbnailUrl":"https:\/\/lespion.fr\/shop\/wp-content\/uploads\/sites\/4\/2024\/01\/Melange-Tweed-Jovanna-Jacket-Cassonade.jpeg","datePublished":"2024-01-21T19:06:44+00:00","dateModified":"2024-03-11T11:43:47+00:00","description":"JOSEPH Melange Tweed Jovanna Jacket - Cassonade Boutique L'Espion Cr\u00e9ateurs Designers Femmes Toulouse Rue Croix Baragnon","breadcrumb":{"@id":"https:\/\/lespion.fr\/shop\/p\/pull\/joseph-melange-tweed-jovanna-jacket-cassonade\/#breadcrumb"},"inLanguage":"fr-FR","potentialAction":[{"@type":"ReadAction","target":["https:\/\/lespion.fr\/shop\/p\/pull\/joseph-melange-tweed-jovanna-jacket-cassonade\/"]}]},{"@type":"ImageObject","inLanguage":"fr-FR","@id":"https:\/\/lespion.fr\/shop\/p\/pull\/joseph-melange-tweed-jovanna-jacket-cassonade\/#primaryimage","url":"https:\/\/lespion.fr\/shop\/wp-content\/uploads\/sites\/4\/2024\/01\/Melange-Tweed-Jovanna-Jacket-Cassonade.jpeg","contentUrl":"https:\/\/lespion.fr\/shop\/wp-content\/uploads\/sites\/4\/2024\/01\/Melange-Tweed-Jovanna-Jacket-Cassonade.jpeg","width":1200,"height":1800},{"@type":"BreadcrumbList","@id":"https:\/\/lespion.fr\/shop\/p\/pull\/joseph-melange-tweed-jovanna-jacket-cassonade\/#breadcrumb","itemListElement":[{"@type":"ListItem","position":1,"name":"Accueil","item":"https:\/\/lespion.fr\/shop\/"},{"@type":"ListItem","position":2,"name":"L&rsquo;Espion Boutique Cr\u00e9ateur Designer Toulouse","item":"https:\/\/lespion.fr\/shop\/shop\/"},{"@type":"ListItem","position":3,"name":"JOSEPH Melange Tweed Jovanna Jacket &#8211; Cassonade"}]},{"@type":"WebSite","@id":"https:\/\/lespion.fr\/shop\/#website","url":"https:\/\/lespion.fr\/shop\/","name":"L'ESPION Boutique Cr\u00e9ateurs Toulouse","description":"L&#039;Espion Boutique Cr\u00e9ateur Designer Toulouse","publisher":{"@id":"https:\/\/lespion.fr\/shop\/#organization"},"alternateName":"L'Espion Boutique Cr\u00e9ateur Designer Toulouse","potentialAction":[{"@type":"SearchAction","target":{"@type":"EntryPoint","urlTemplate":"https:\/\/lespion.fr\/shop\/?s={search_term_string}"},"query-input":"required name=search_term_string"}],"inLanguage":"fr-FR"},{"@type":"Organization","@id":"https:\/\/lespion.fr\/shop\/#organization","name":"L'ESPION Boutique Cr\u00e9ateurs Toulouse","alternateName":"L'Espion Boutique Cr\u00e9ateur Designer Toulouse","url":"https:\/\/lespion.fr\/shop\/","logo":{"@type":"ImageObject","inLanguage":"fr-FR","@id":"https:\/\/lespion.fr\/shop\/#\/schema\/logo\/image\/","url":"https:\/\/lespion.fr\/shop\/wp-content\/uploads\/sites\/4\/2023\/12\/telechargement.jpg","contentUrl":"https:\/\/lespion.fr\/shop\/wp-content\/uploads\/sites\/4\/2023\/12\/telechargement.jpg","width":225,"height":225,"caption":"L'ESPION Boutique Cr\u00e9ateurs Toulouse"},"image":{"@id":"https:\/\/lespion.fr\/shop\/#\/schema\/logo\/image\/"},"sameAs":["https:\/\/www.facebook.com\/boutiquelespion","https:\/\/www.instagram.com\/boutiquelespion\/"],"description":"Boutique L'Espion Cr\u00e9ateurs Designers Toulouse","legalName":"Boutique L'Espion Cr\u00e9ateurs Designers Toulouse","publishingPrinciples":"https:\/\/lespion.fr\/shop\/","ownershipFundingInfo":"https:\/\/lespion.fr\/shop\/","actionableFeedbackPolicy":"https:\/\/lespion.fr\/shop\/","ethicsPolicy":"https:\/\/lespion.fr\/shop\/","diversityPolicy":"https:\/\/lespion.fr\/shop\/","diversityStaffingReport":"https:\/\/lespion.fr\/shop\/"}]}},"_links":{"self":[{"href":"https:\/\/lespion.fr\/shop\/wp-json\/wp\/v3\/product\/4271"}],"collection":[{"href":"https:\/\/lespion.fr\/shop\/wp-json\/wp\/v3\/product"}],"about":[{"href":"https:\/\/lespion.fr\/shop\/wp-json\/wp\/v2\/types\/product"}],"wp:featuredmedia":[{"embeddable":true,"href":"https:\/\/lespion.fr\/shop\/wp-json\/wp\/v2\/media\/4272"}],"wp:attachment":[{"href":"https:\/\/lespion.fr\/shop\/wp-json\/wp\/v2\/media?parent=4271"}],"wp:term":[{"taxonomy":"product_cat","embeddable":true,"href":"https:\/\/lespion.fr\/shop\/wp-json\/wp\/v2\/product_cat?post=4271"},{"taxonomy":"product_tag","embeddable":true,"href":"https:\/\/lespion.fr\/shop\/wp-json\/wp\/v2\/product_tag?post=4271"}],"curies":[{"name":"wp","href":"https:\/\/api.w.org\/{rel}","templated":true}]}}