{"id":4243,"date":"2024-01-18T16:29:05","date_gmt":"2024-01-18T15:29:05","guid":{"rendered":"https:\/\/lespion.fr\/shop\/?post_type=product&#038;p=4243"},"modified":"2024-01-21T18:10:53","modified_gmt":"2024-01-21T17:10:53","slug":"v-beckham-blazer","status":"publish","type":"product","link":"https:\/\/lespion.fr\/shop\/p\/veste\/v-beckham-blazer\/","title":{"rendered":"V. BECKHAM<br \/> Blazer"},"content":{"rendered":"","protected":false},"excerpt":{"rendered":"<p>Une veste classique \u00e0 simple boutonnage est rehauss\u00e9e d&rsquo;un panneau amovible polyvalent sur le c\u00f4t\u00e9 avant gauche. Avec deux boutons ton sur ton, des poches sur les hanches et une poche poitrine unique fournissant le seul autre d\u00e9tail, il offre une esth\u00e9tique minimaliste et confiante.<\/p>\n","protected":false},"featured_media":4248,"template":"","meta":[],"product_cat":[147],"product_tag":[151],"ams_default_variation_id":0,"ams_product_points_reward":[],"ams_product_discount_percentage":0,"ams_price_to_display":0,"ams_acf":[],"yoast_head":"<!-- This site is optimized with the Yoast SEO Premium plugin v22.0 (Yoast SEO v22.6) - https:\/\/yoast.com\/wordpress\/plugins\/seo\/ -->\n<title>V. BECKHAM Blazer Boutique L&#039;Espion Cr\u00e9ateurs Designers Femmes Toulouse Rue Croix Baragnon<\/title>\n<meta name=\"description\" content=\"V. BECKHAM Blazer Boutique L&#039;Espion Cr\u00e9ateurs Designers Femmes Toulouse Rue Croix Baragnon\" \/>\n<meta name=\"robots\" content=\"index, follow, max-snippet:-1, max-image-preview:large, max-video-preview:-1\" \/>\n<link rel=\"canonical\" href=\"https:\/\/lespion.fr\/shop\/p\/veste\/v-beckham-blazer\/\" \/>\n<meta property=\"og:locale\" content=\"fr_FR\" \/>\n<meta property=\"og:type\" content=\"article\" \/>\n<meta property=\"og:title\" content=\"V. BECKHAM Blazer\" \/>\n<meta property=\"og:description\" content=\"V. BECKHAM Blazer Boutique L&#039;Espion Cr\u00e9ateurs Designers Femmes Toulouse Rue Croix Baragnon\" \/>\n<meta property=\"og:url\" content=\"https:\/\/lespion.fr\/shop\/p\/veste\/v-beckham-blazer\/\" \/>\n<meta property=\"og:site_name\" content=\"L&#039;ESPION\" \/>\n<meta property=\"article:publisher\" content=\"https:\/\/www.facebook.com\/boutiquelespion\" \/>\n<meta property=\"article:modified_time\" content=\"2024-01-21T17:10:53+00:00\" \/>\n<meta property=\"og:image\" content=\"https:\/\/lespion.fr\/shop\/wp-content\/uploads\/sites\/4\/2024\/01\/Blazer-Victoria-Victoria-Beckham-femme-3.png\" \/>\n\t<meta property=\"og:image:width\" content=\"1094\" \/>\n\t<meta property=\"og:image:height\" content=\"1237\" \/>\n\t<meta property=\"og:image:type\" content=\"image\/png\" \/>\n<meta name=\"twitter:card\" content=\"summary_large_image\" \/>\n<script type=\"application\/ld+json\" class=\"yoast-schema-graph\">{\"@context\":\"https:\/\/schema.org\",\"@graph\":[{\"@type\":\"WebPage\",\"@id\":\"https:\/\/lespion.fr\/shop\/p\/veste\/v-beckham-blazer\/\",\"url\":\"https:\/\/lespion.fr\/shop\/p\/veste\/v-beckham-blazer\/\",\"name\":\"V. BECKHAM Blazer Boutique L'Espion Cr\u00e9ateurs Designers Femmes Toulouse Rue Croix Baragnon\",\"isPartOf\":{\"@id\":\"https:\/\/lespion.fr\/shop\/#website\"},\"primaryImageOfPage\":{\"@id\":\"https:\/\/lespion.fr\/shop\/p\/veste\/v-beckham-blazer\/#primaryimage\"},\"image\":{\"@id\":\"https:\/\/lespion.fr\/shop\/p\/veste\/v-beckham-blazer\/#primaryimage\"},\"thumbnailUrl\":\"https:\/\/lespion.fr\/shop\/wp-content\/uploads\/sites\/4\/2024\/01\/Blazer-Victoria-Victoria-Beckham-femme-3.png\",\"datePublished\":\"2024-01-18T15:29:05+00:00\",\"dateModified\":\"2024-01-21T17:10:53+00:00\",\"description\":\"V. BECKHAM Blazer Boutique L'Espion Cr\u00e9ateurs Designers Femmes Toulouse Rue Croix Baragnon\",\"breadcrumb\":{\"@id\":\"https:\/\/lespion.fr\/shop\/p\/veste\/v-beckham-blazer\/#breadcrumb\"},\"inLanguage\":\"fr-FR\",\"potentialAction\":[{\"@type\":\"ReadAction\",\"target\":[\"https:\/\/lespion.fr\/shop\/p\/veste\/v-beckham-blazer\/\"]}]},{\"@type\":\"ImageObject\",\"inLanguage\":\"fr-FR\",\"@id\":\"https:\/\/lespion.fr\/shop\/p\/veste\/v-beckham-blazer\/#primaryimage\",\"url\":\"https:\/\/lespion.fr\/shop\/wp-content\/uploads\/sites\/4\/2024\/01\/Blazer-Victoria-Victoria-Beckham-femme-3.png\",\"contentUrl\":\"https:\/\/lespion.fr\/shop\/wp-content\/uploads\/sites\/4\/2024\/01\/Blazer-Victoria-Victoria-Beckham-femme-3.png\",\"width\":1094,\"height\":1237},{\"@type\":\"BreadcrumbList\",\"@id\":\"https:\/\/lespion.fr\/shop\/p\/veste\/v-beckham-blazer\/#breadcrumb\",\"itemListElement\":[{\"@type\":\"ListItem\",\"position\":1,\"name\":\"Accueil\",\"item\":\"https:\/\/lespion.fr\/shop\/\"},{\"@type\":\"ListItem\",\"position\":2,\"name\":\"L&rsquo;Espion Boutique Cr\u00e9ateur Designer Toulouse\",\"item\":\"https:\/\/lespion.fr\/shop\/shop\/\"},{\"@type\":\"ListItem\",\"position\":3,\"name\":\"V. BECKHAM Blazer\"}]},{\"@type\":\"WebSite\",\"@id\":\"https:\/\/lespion.fr\/shop\/#website\",\"url\":\"https:\/\/lespion.fr\/shop\/\",\"name\":\"L'ESPION Boutique Cr\u00e9ateurs Toulouse\",\"description\":\"L&#039;Espion Boutique Cr\u00e9ateur Designer Toulouse\",\"publisher\":{\"@id\":\"https:\/\/lespion.fr\/shop\/#organization\"},\"alternateName\":\"L'Espion Boutique Cr\u00e9ateur Designer Toulouse\",\"potentialAction\":[{\"@type\":\"SearchAction\",\"target\":{\"@type\":\"EntryPoint\",\"urlTemplate\":\"https:\/\/lespion.fr\/shop\/?s={search_term_string}\"},\"query-input\":\"required name=search_term_string\"}],\"inLanguage\":\"fr-FR\"},{\"@type\":\"Organization\",\"@id\":\"https:\/\/lespion.fr\/shop\/#organization\",\"name\":\"L'ESPION Boutique Cr\u00e9ateurs Toulouse\",\"alternateName\":\"L'Espion Boutique Cr\u00e9ateur Designer Toulouse\",\"url\":\"https:\/\/lespion.fr\/shop\/\",\"logo\":{\"@type\":\"ImageObject\",\"inLanguage\":\"fr-FR\",\"@id\":\"https:\/\/lespion.fr\/shop\/#\/schema\/logo\/image\/\",\"url\":\"https:\/\/lespion.fr\/shop\/wp-content\/uploads\/sites\/4\/2023\/12\/telechargement.jpg\",\"contentUrl\":\"https:\/\/lespion.fr\/shop\/wp-content\/uploads\/sites\/4\/2023\/12\/telechargement.jpg\",\"width\":225,\"height\":225,\"caption\":\"L'ESPION Boutique Cr\u00e9ateurs Toulouse\"},\"image\":{\"@id\":\"https:\/\/lespion.fr\/shop\/#\/schema\/logo\/image\/\"},\"sameAs\":[\"https:\/\/www.facebook.com\/boutiquelespion\",\"https:\/\/www.instagram.com\/boutiquelespion\/\"],\"description\":\"Boutique L'Espion Cr\u00e9ateurs Designers Toulouse\",\"legalName\":\"Boutique L'Espion Cr\u00e9ateurs Designers Toulouse\",\"publishingPrinciples\":\"https:\/\/lespion.fr\/shop\/\",\"ownershipFundingInfo\":\"https:\/\/lespion.fr\/shop\/\",\"actionableFeedbackPolicy\":\"https:\/\/lespion.fr\/shop\/\",\"ethicsPolicy\":\"https:\/\/lespion.fr\/shop\/\",\"diversityPolicy\":\"https:\/\/lespion.fr\/shop\/\",\"diversityStaffingReport\":\"https:\/\/lespion.fr\/shop\/\"}]}<\/script>\n<!-- \/ Yoast SEO Premium plugin. -->","yoast_head_json":{"title":"V. BECKHAM Blazer Boutique L'Espion Cr\u00e9ateurs Designers Femmes Toulouse Rue Croix Baragnon","description":"V. BECKHAM Blazer Boutique L'Espion Cr\u00e9ateurs Designers Femmes Toulouse Rue Croix Baragnon","robots":{"index":"index","follow":"follow","max-snippet":"max-snippet:-1","max-image-preview":"max-image-preview:large","max-video-preview":"max-video-preview:-1"},"canonical":"https:\/\/lespion.fr\/shop\/p\/veste\/v-beckham-blazer\/","og_locale":"fr_FR","og_type":"article","og_title":"V. BECKHAM Blazer","og_description":"V. BECKHAM Blazer Boutique L'Espion Cr\u00e9ateurs Designers Femmes Toulouse Rue Croix Baragnon","og_url":"https:\/\/lespion.fr\/shop\/p\/veste\/v-beckham-blazer\/","og_site_name":"L&#039;ESPION","article_publisher":"https:\/\/www.facebook.com\/boutiquelespion","article_modified_time":"2024-01-21T17:10:53+00:00","og_image":[{"width":1094,"height":1237,"url":"https:\/\/lespion.fr\/shop\/wp-content\/uploads\/sites\/4\/2024\/01\/Blazer-Victoria-Victoria-Beckham-femme-3.png","type":"image\/png"}],"twitter_card":"summary_large_image","schema":{"@context":"https:\/\/schema.org","@graph":[{"@type":"WebPage","@id":"https:\/\/lespion.fr\/shop\/p\/veste\/v-beckham-blazer\/","url":"https:\/\/lespion.fr\/shop\/p\/veste\/v-beckham-blazer\/","name":"V. BECKHAM Blazer Boutique L'Espion Cr\u00e9ateurs Designers Femmes Toulouse Rue Croix Baragnon","isPartOf":{"@id":"https:\/\/lespion.fr\/shop\/#website"},"primaryImageOfPage":{"@id":"https:\/\/lespion.fr\/shop\/p\/veste\/v-beckham-blazer\/#primaryimage"},"image":{"@id":"https:\/\/lespion.fr\/shop\/p\/veste\/v-beckham-blazer\/#primaryimage"},"thumbnailUrl":"https:\/\/lespion.fr\/shop\/wp-content\/uploads\/sites\/4\/2024\/01\/Blazer-Victoria-Victoria-Beckham-femme-3.png","datePublished":"2024-01-18T15:29:05+00:00","dateModified":"2024-01-21T17:10:53+00:00","description":"V. BECKHAM Blazer Boutique L'Espion Cr\u00e9ateurs Designers Femmes Toulouse Rue Croix Baragnon","breadcrumb":{"@id":"https:\/\/lespion.fr\/shop\/p\/veste\/v-beckham-blazer\/#breadcrumb"},"inLanguage":"fr-FR","potentialAction":[{"@type":"ReadAction","target":["https:\/\/lespion.fr\/shop\/p\/veste\/v-beckham-blazer\/"]}]},{"@type":"ImageObject","inLanguage":"fr-FR","@id":"https:\/\/lespion.fr\/shop\/p\/veste\/v-beckham-blazer\/#primaryimage","url":"https:\/\/lespion.fr\/shop\/wp-content\/uploads\/sites\/4\/2024\/01\/Blazer-Victoria-Victoria-Beckham-femme-3.png","contentUrl":"https:\/\/lespion.fr\/shop\/wp-content\/uploads\/sites\/4\/2024\/01\/Blazer-Victoria-Victoria-Beckham-femme-3.png","width":1094,"height":1237},{"@type":"BreadcrumbList","@id":"https:\/\/lespion.fr\/shop\/p\/veste\/v-beckham-blazer\/#breadcrumb","itemListElement":[{"@type":"ListItem","position":1,"name":"Accueil","item":"https:\/\/lespion.fr\/shop\/"},{"@type":"ListItem","position":2,"name":"L&rsquo;Espion Boutique Cr\u00e9ateur Designer Toulouse","item":"https:\/\/lespion.fr\/shop\/shop\/"},{"@type":"ListItem","position":3,"name":"V. BECKHAM Blazer"}]},{"@type":"WebSite","@id":"https:\/\/lespion.fr\/shop\/#website","url":"https:\/\/lespion.fr\/shop\/","name":"L'ESPION Boutique Cr\u00e9ateurs Toulouse","description":"L&#039;Espion Boutique Cr\u00e9ateur Designer Toulouse","publisher":{"@id":"https:\/\/lespion.fr\/shop\/#organization"},"alternateName":"L'Espion Boutique Cr\u00e9ateur Designer Toulouse","potentialAction":[{"@type":"SearchAction","target":{"@type":"EntryPoint","urlTemplate":"https:\/\/lespion.fr\/shop\/?s={search_term_string}"},"query-input":"required name=search_term_string"}],"inLanguage":"fr-FR"},{"@type":"Organization","@id":"https:\/\/lespion.fr\/shop\/#organization","name":"L'ESPION Boutique Cr\u00e9ateurs Toulouse","alternateName":"L'Espion Boutique Cr\u00e9ateur Designer Toulouse","url":"https:\/\/lespion.fr\/shop\/","logo":{"@type":"ImageObject","inLanguage":"fr-FR","@id":"https:\/\/lespion.fr\/shop\/#\/schema\/logo\/image\/","url":"https:\/\/lespion.fr\/shop\/wp-content\/uploads\/sites\/4\/2023\/12\/telechargement.jpg","contentUrl":"https:\/\/lespion.fr\/shop\/wp-content\/uploads\/sites\/4\/2023\/12\/telechargement.jpg","width":225,"height":225,"caption":"L'ESPION Boutique Cr\u00e9ateurs Toulouse"},"image":{"@id":"https:\/\/lespion.fr\/shop\/#\/schema\/logo\/image\/"},"sameAs":["https:\/\/www.facebook.com\/boutiquelespion","https:\/\/www.instagram.com\/boutiquelespion\/"],"description":"Boutique L'Espion Cr\u00e9ateurs Designers Toulouse","legalName":"Boutique L'Espion Cr\u00e9ateurs Designers Toulouse","publishingPrinciples":"https:\/\/lespion.fr\/shop\/","ownershipFundingInfo":"https:\/\/lespion.fr\/shop\/","actionableFeedbackPolicy":"https:\/\/lespion.fr\/shop\/","ethicsPolicy":"https:\/\/lespion.fr\/shop\/","diversityPolicy":"https:\/\/lespion.fr\/shop\/","diversityStaffingReport":"https:\/\/lespion.fr\/shop\/"}]}},"_links":{"self":[{"href":"https:\/\/lespion.fr\/shop\/wp-json\/wp\/v3\/product\/4243"}],"collection":[{"href":"https:\/\/lespion.fr\/shop\/wp-json\/wp\/v3\/product"}],"about":[{"href":"https:\/\/lespion.fr\/shop\/wp-json\/wp\/v2\/types\/product"}],"wp:featuredmedia":[{"embeddable":true,"href":"https:\/\/lespion.fr\/shop\/wp-json\/wp\/v2\/media\/4248"}],"wp:attachment":[{"href":"https:\/\/lespion.fr\/shop\/wp-json\/wp\/v2\/media?parent=4243"}],"wp:term":[{"taxonomy":"product_cat","embeddable":true,"href":"https:\/\/lespion.fr\/shop\/wp-json\/wp\/v2\/product_cat?post=4243"},{"taxonomy":"product_tag","embeddable":true,"href":"https:\/\/lespion.fr\/shop\/wp-json\/wp\/v2\/product_tag?post=4243"}],"curies":[{"name":"wp","href":"https:\/\/api.w.org\/{rel}","templated":true}]}}