{"id":4015,"date":"2023-12-16T22:21:13","date_gmt":"2023-12-16T21:21:13","guid":{"rendered":"https:\/\/lespion.fr\/shop\/?post_type=product&#038;p=4015"},"modified":"2023-12-17T20:16:43","modified_gmt":"2023-12-17T19:16:43","slug":"marni-pantalon","status":"publish","type":"product","link":"https:\/\/lespion.fr\/shop\/p\/pantalon\/marni-pantalon\/","title":{"rendered":"MARNI <br \/>  Pantalon"},"content":{"rendered":"","protected":false},"excerpt":{"rendered":"<p>Pantalon confectionn\u00e9 en laine m\u00e9lang\u00e9e compacte \u00e0 motif pied-de-poule. Mod\u00e8le masculin taille basse avec jambe droite sans ourlet \u00e0 la cheville et fentes lat\u00e9rales. Dot\u00e9 de poches lat\u00e9rales, de poches passepoil\u00e9es boutonn\u00e9es \u00e0 l\u2019arri\u00e8re et d\u2019une fermeture \u00e0 glissi\u00e8re avec agrafe dissimul\u00e9e.<\/p>\n","protected":false},"featured_media":4018,"template":"","meta":[],"product_cat":[149],"product_tag":[159],"ams_default_variation_id":0,"ams_product_points_reward":[],"ams_product_discount_percentage":0,"ams_price_to_display":0,"ams_acf":[],"yoast_head":"<!-- This site is optimized with the Yoast SEO Premium plugin v22.0 (Yoast SEO v22.6) - https:\/\/yoast.com\/wordpress\/plugins\/seo\/ -->\n<title>MARNI  Pantalon Boutique L&#039;Espion Cr\u00e9ateurs Designers Femmes Toulouse Rue Croix Baragnon<\/title>\n<meta name=\"description\" content=\"MARNI  Pantalon Boutique L&#039;Espion Cr\u00e9ateurs Designers Femmes Toulouse Rue Croix Baragnon\" \/>\n<meta name=\"robots\" content=\"index, follow, max-snippet:-1, max-image-preview:large, max-video-preview:-1\" \/>\n<link rel=\"canonical\" href=\"https:\/\/lespion.fr\/shop\/p\/pantalon\/marni-pantalon\/\" \/>\n<meta property=\"og:locale\" content=\"fr_FR\" \/>\n<meta property=\"og:type\" content=\"article\" \/>\n<meta property=\"og:title\" content=\"MARNI  Pantalon\" \/>\n<meta property=\"og:description\" content=\"MARNI  Pantalon Boutique L&#039;Espion Cr\u00e9ateurs Designers Femmes Toulouse Rue Croix Baragnon\" \/>\n<meta property=\"og:url\" content=\"https:\/\/lespion.fr\/shop\/p\/pantalon\/marni-pantalon\/\" \/>\n<meta property=\"og:site_name\" content=\"L&#039;ESPION\" \/>\n<meta property=\"article:publisher\" content=\"https:\/\/www.facebook.com\/boutiquelespion\" \/>\n<meta property=\"article:modified_time\" content=\"2023-12-17T19:16:43+00:00\" \/>\n<meta property=\"og:image\" content=\"https:\/\/lespion.fr\/shop\/wp-content\/uploads\/sites\/4\/2023\/12\/Marni-Pantalon-scaled.jpg\" \/>\n\t<meta property=\"og:image:width\" content=\"1309\" \/>\n\t<meta property=\"og:image:height\" content=\"2560\" \/>\n\t<meta property=\"og:image:type\" content=\"image\/jpeg\" \/>\n<meta name=\"twitter:card\" content=\"summary_large_image\" \/>\n<script type=\"application\/ld+json\" class=\"yoast-schema-graph\">{\"@context\":\"https:\/\/schema.org\",\"@graph\":[{\"@type\":\"WebPage\",\"@id\":\"https:\/\/lespion.fr\/shop\/p\/pantalon\/marni-pantalon\/\",\"url\":\"https:\/\/lespion.fr\/shop\/p\/pantalon\/marni-pantalon\/\",\"name\":\"MARNI Pantalon Boutique L'Espion Cr\u00e9ateurs Designers Femmes Toulouse Rue Croix Baragnon\",\"isPartOf\":{\"@id\":\"https:\/\/lespion.fr\/shop\/#website\"},\"primaryImageOfPage\":{\"@id\":\"https:\/\/lespion.fr\/shop\/p\/pantalon\/marni-pantalon\/#primaryimage\"},\"image\":{\"@id\":\"https:\/\/lespion.fr\/shop\/p\/pantalon\/marni-pantalon\/#primaryimage\"},\"thumbnailUrl\":\"https:\/\/lespion.fr\/shop\/wp-content\/uploads\/sites\/4\/2023\/12\/Marni-Pantalon-scaled.jpg\",\"datePublished\":\"2023-12-16T21:21:13+00:00\",\"dateModified\":\"2023-12-17T19:16:43+00:00\",\"description\":\"MARNI Pantalon Boutique L'Espion Cr\u00e9ateurs Designers Femmes Toulouse Rue Croix Baragnon\",\"breadcrumb\":{\"@id\":\"https:\/\/lespion.fr\/shop\/p\/pantalon\/marni-pantalon\/#breadcrumb\"},\"inLanguage\":\"fr-FR\",\"potentialAction\":[{\"@type\":\"ReadAction\",\"target\":[\"https:\/\/lespion.fr\/shop\/p\/pantalon\/marni-pantalon\/\"]}]},{\"@type\":\"ImageObject\",\"inLanguage\":\"fr-FR\",\"@id\":\"https:\/\/lespion.fr\/shop\/p\/pantalon\/marni-pantalon\/#primaryimage\",\"url\":\"https:\/\/lespion.fr\/shop\/wp-content\/uploads\/sites\/4\/2023\/12\/Marni-Pantalon-scaled.jpg\",\"contentUrl\":\"https:\/\/lespion.fr\/shop\/wp-content\/uploads\/sites\/4\/2023\/12\/Marni-Pantalon-scaled.jpg\",\"width\":1309,\"height\":2560},{\"@type\":\"BreadcrumbList\",\"@id\":\"https:\/\/lespion.fr\/shop\/p\/pantalon\/marni-pantalon\/#breadcrumb\",\"itemListElement\":[{\"@type\":\"ListItem\",\"position\":1,\"name\":\"Accueil\",\"item\":\"https:\/\/lespion.fr\/shop\/\"},{\"@type\":\"ListItem\",\"position\":2,\"name\":\"L&rsquo;Espion Boutique Cr\u00e9ateur Designer Toulouse\",\"item\":\"https:\/\/lespion.fr\/shop\/shop\/\"},{\"@type\":\"ListItem\",\"position\":3,\"name\":\"MARNI Pantalon\"}]},{\"@type\":\"WebSite\",\"@id\":\"https:\/\/lespion.fr\/shop\/#website\",\"url\":\"https:\/\/lespion.fr\/shop\/\",\"name\":\"L'ESPION Boutique Cr\u00e9ateurs Toulouse\",\"description\":\"L&#039;Espion Boutique Cr\u00e9ateur Designer Toulouse\",\"publisher\":{\"@id\":\"https:\/\/lespion.fr\/shop\/#organization\"},\"alternateName\":\"L'Espion Boutique Cr\u00e9ateur Designer Toulouse\",\"potentialAction\":[{\"@type\":\"SearchAction\",\"target\":{\"@type\":\"EntryPoint\",\"urlTemplate\":\"https:\/\/lespion.fr\/shop\/?s={search_term_string}\"},\"query-input\":\"required name=search_term_string\"}],\"inLanguage\":\"fr-FR\"},{\"@type\":\"Organization\",\"@id\":\"https:\/\/lespion.fr\/shop\/#organization\",\"name\":\"L'ESPION Boutique Cr\u00e9ateurs Toulouse\",\"alternateName\":\"L'Espion Boutique Cr\u00e9ateur Designer Toulouse\",\"url\":\"https:\/\/lespion.fr\/shop\/\",\"logo\":{\"@type\":\"ImageObject\",\"inLanguage\":\"fr-FR\",\"@id\":\"https:\/\/lespion.fr\/shop\/#\/schema\/logo\/image\/\",\"url\":\"https:\/\/lespion.fr\/shop\/wp-content\/uploads\/sites\/4\/2023\/12\/telechargement.jpg\",\"contentUrl\":\"https:\/\/lespion.fr\/shop\/wp-content\/uploads\/sites\/4\/2023\/12\/telechargement.jpg\",\"width\":225,\"height\":225,\"caption\":\"L'ESPION Boutique Cr\u00e9ateurs Toulouse\"},\"image\":{\"@id\":\"https:\/\/lespion.fr\/shop\/#\/schema\/logo\/image\/\"},\"sameAs\":[\"https:\/\/www.facebook.com\/boutiquelespion\",\"https:\/\/www.instagram.com\/boutiquelespion\/\"],\"description\":\"Boutique L'Espion Cr\u00e9ateurs Designers Toulouse\",\"legalName\":\"Boutique L'Espion Cr\u00e9ateurs Designers Toulouse\",\"publishingPrinciples\":\"https:\/\/lespion.fr\/shop\/\",\"ownershipFundingInfo\":\"https:\/\/lespion.fr\/shop\/\",\"actionableFeedbackPolicy\":\"https:\/\/lespion.fr\/shop\/\",\"ethicsPolicy\":\"https:\/\/lespion.fr\/shop\/\",\"diversityPolicy\":\"https:\/\/lespion.fr\/shop\/\",\"diversityStaffingReport\":\"https:\/\/lespion.fr\/shop\/\"}]}<\/script>\n<!-- \/ Yoast SEO Premium plugin. -->","yoast_head_json":{"title":"MARNI  Pantalon Boutique L'Espion Cr\u00e9ateurs Designers Femmes Toulouse Rue Croix Baragnon","description":"MARNI  Pantalon Boutique L'Espion Cr\u00e9ateurs Designers Femmes Toulouse Rue Croix Baragnon","robots":{"index":"index","follow":"follow","max-snippet":"max-snippet:-1","max-image-preview":"max-image-preview:large","max-video-preview":"max-video-preview:-1"},"canonical":"https:\/\/lespion.fr\/shop\/p\/pantalon\/marni-pantalon\/","og_locale":"fr_FR","og_type":"article","og_title":"MARNI  Pantalon","og_description":"MARNI  Pantalon Boutique L'Espion Cr\u00e9ateurs Designers Femmes Toulouse Rue Croix Baragnon","og_url":"https:\/\/lespion.fr\/shop\/p\/pantalon\/marni-pantalon\/","og_site_name":"L&#039;ESPION","article_publisher":"https:\/\/www.facebook.com\/boutiquelespion","article_modified_time":"2023-12-17T19:16:43+00:00","og_image":[{"width":1309,"height":2560,"url":"https:\/\/lespion.fr\/shop\/wp-content\/uploads\/sites\/4\/2023\/12\/Marni-Pantalon-scaled.jpg","type":"image\/jpeg"}],"twitter_card":"summary_large_image","schema":{"@context":"https:\/\/schema.org","@graph":[{"@type":"WebPage","@id":"https:\/\/lespion.fr\/shop\/p\/pantalon\/marni-pantalon\/","url":"https:\/\/lespion.fr\/shop\/p\/pantalon\/marni-pantalon\/","name":"MARNI Pantalon Boutique L'Espion Cr\u00e9ateurs Designers Femmes Toulouse Rue Croix Baragnon","isPartOf":{"@id":"https:\/\/lespion.fr\/shop\/#website"},"primaryImageOfPage":{"@id":"https:\/\/lespion.fr\/shop\/p\/pantalon\/marni-pantalon\/#primaryimage"},"image":{"@id":"https:\/\/lespion.fr\/shop\/p\/pantalon\/marni-pantalon\/#primaryimage"},"thumbnailUrl":"https:\/\/lespion.fr\/shop\/wp-content\/uploads\/sites\/4\/2023\/12\/Marni-Pantalon-scaled.jpg","datePublished":"2023-12-16T21:21:13+00:00","dateModified":"2023-12-17T19:16:43+00:00","description":"MARNI Pantalon Boutique L'Espion Cr\u00e9ateurs Designers Femmes Toulouse Rue Croix Baragnon","breadcrumb":{"@id":"https:\/\/lespion.fr\/shop\/p\/pantalon\/marni-pantalon\/#breadcrumb"},"inLanguage":"fr-FR","potentialAction":[{"@type":"ReadAction","target":["https:\/\/lespion.fr\/shop\/p\/pantalon\/marni-pantalon\/"]}]},{"@type":"ImageObject","inLanguage":"fr-FR","@id":"https:\/\/lespion.fr\/shop\/p\/pantalon\/marni-pantalon\/#primaryimage","url":"https:\/\/lespion.fr\/shop\/wp-content\/uploads\/sites\/4\/2023\/12\/Marni-Pantalon-scaled.jpg","contentUrl":"https:\/\/lespion.fr\/shop\/wp-content\/uploads\/sites\/4\/2023\/12\/Marni-Pantalon-scaled.jpg","width":1309,"height":2560},{"@type":"BreadcrumbList","@id":"https:\/\/lespion.fr\/shop\/p\/pantalon\/marni-pantalon\/#breadcrumb","itemListElement":[{"@type":"ListItem","position":1,"name":"Accueil","item":"https:\/\/lespion.fr\/shop\/"},{"@type":"ListItem","position":2,"name":"L&rsquo;Espion Boutique Cr\u00e9ateur Designer Toulouse","item":"https:\/\/lespion.fr\/shop\/shop\/"},{"@type":"ListItem","position":3,"name":"MARNI Pantalon"}]},{"@type":"WebSite","@id":"https:\/\/lespion.fr\/shop\/#website","url":"https:\/\/lespion.fr\/shop\/","name":"L'ESPION Boutique Cr\u00e9ateurs Toulouse","description":"L&#039;Espion Boutique Cr\u00e9ateur Designer Toulouse","publisher":{"@id":"https:\/\/lespion.fr\/shop\/#organization"},"alternateName":"L'Espion Boutique Cr\u00e9ateur Designer Toulouse","potentialAction":[{"@type":"SearchAction","target":{"@type":"EntryPoint","urlTemplate":"https:\/\/lespion.fr\/shop\/?s={search_term_string}"},"query-input":"required name=search_term_string"}],"inLanguage":"fr-FR"},{"@type":"Organization","@id":"https:\/\/lespion.fr\/shop\/#organization","name":"L'ESPION Boutique Cr\u00e9ateurs Toulouse","alternateName":"L'Espion Boutique Cr\u00e9ateur Designer Toulouse","url":"https:\/\/lespion.fr\/shop\/","logo":{"@type":"ImageObject","inLanguage":"fr-FR","@id":"https:\/\/lespion.fr\/shop\/#\/schema\/logo\/image\/","url":"https:\/\/lespion.fr\/shop\/wp-content\/uploads\/sites\/4\/2023\/12\/telechargement.jpg","contentUrl":"https:\/\/lespion.fr\/shop\/wp-content\/uploads\/sites\/4\/2023\/12\/telechargement.jpg","width":225,"height":225,"caption":"L'ESPION Boutique Cr\u00e9ateurs Toulouse"},"image":{"@id":"https:\/\/lespion.fr\/shop\/#\/schema\/logo\/image\/"},"sameAs":["https:\/\/www.facebook.com\/boutiquelespion","https:\/\/www.instagram.com\/boutiquelespion\/"],"description":"Boutique L'Espion Cr\u00e9ateurs Designers Toulouse","legalName":"Boutique L'Espion Cr\u00e9ateurs Designers Toulouse","publishingPrinciples":"https:\/\/lespion.fr\/shop\/","ownershipFundingInfo":"https:\/\/lespion.fr\/shop\/","actionableFeedbackPolicy":"https:\/\/lespion.fr\/shop\/","ethicsPolicy":"https:\/\/lespion.fr\/shop\/","diversityPolicy":"https:\/\/lespion.fr\/shop\/","diversityStaffingReport":"https:\/\/lespion.fr\/shop\/"}]}},"_links":{"self":[{"href":"https:\/\/lespion.fr\/shop\/wp-json\/wp\/v3\/product\/4015"}],"collection":[{"href":"https:\/\/lespion.fr\/shop\/wp-json\/wp\/v3\/product"}],"about":[{"href":"https:\/\/lespion.fr\/shop\/wp-json\/wp\/v2\/types\/product"}],"wp:featuredmedia":[{"embeddable":true,"href":"https:\/\/lespion.fr\/shop\/wp-json\/wp\/v2\/media\/4018"}],"wp:attachment":[{"href":"https:\/\/lespion.fr\/shop\/wp-json\/wp\/v2\/media?parent=4015"}],"wp:term":[{"taxonomy":"product_cat","embeddable":true,"href":"https:\/\/lespion.fr\/shop\/wp-json\/wp\/v2\/product_cat?post=4015"},{"taxonomy":"product_tag","embeddable":true,"href":"https:\/\/lespion.fr\/shop\/wp-json\/wp\/v2\/product_tag?post=4015"}],"curies":[{"name":"wp","href":"https:\/\/api.w.org\/{rel}","templated":true}]}}