{"id":4001,"date":"2023-12-16T19:12:34","date_gmt":"2023-12-16T18:12:34","guid":{"rendered":"https:\/\/lespion.fr\/shop\/?post_type=product&#038;p=4001"},"modified":"2023-12-17T20:17:58","modified_gmt":"2023-12-17T19:17:58","slug":"paul-and-joe-veste-courte-ajustee-tweed-laine-vierge","status":"publish","type":"product","link":"https:\/\/lespion.fr\/shop\/p\/veste\/paul-and-joe-veste-courte-ajustee-tweed-laine-vierge\/","title":{"rendered":"PAUL&#038;JOE <br \/> Veste Courte Ajust\u00e9e Tweed Laine Vierge"},"content":{"rendered":"","protected":false},"excerpt":{"rendered":"<p>Succombez pour la veste courte ajust\u00e9e en tweed de laine vierge harris tweed DOMITILLE.<br \/>\nFermeture avant crois\u00e9e, d&rsquo;un boutonnage apparent, d&rsquo;un bouton semi-bomb\u00e9 recouvert de velours de coton. Le liser\u00e9 sur le col et le contour des rabats des poches sont en velours. Le col est en demi-lune.<\/p>\n<p>Pour le total look, portez-la avec une jolie jupe.<\/p>\n","protected":false},"featured_media":4002,"template":"","meta":[],"product_cat":[147],"product_tag":[155],"ams_default_variation_id":0,"ams_product_points_reward":[],"ams_product_discount_percentage":0,"ams_price_to_display":0,"ams_acf":[],"yoast_head":"<!-- This site is optimized with the Yoast SEO Premium plugin v22.0 (Yoast SEO v22.6) - https:\/\/yoast.com\/wordpress\/plugins\/seo\/ -->\n<title>PAUL&amp;JOE  Veste Courte Ajust\u00e9e Tweed Laine Vierge Boutique L&#039;Espion Cr\u00e9ateurs Designers Femmes Toulouse Rue Croix Baragnon<\/title>\n<meta name=\"description\" content=\"PAUL&amp;JOE  Veste Courte Ajust\u00e9e Tweed Laine Vierge Boutique L&#039;Espion Cr\u00e9ateurs Designers Femmes Toulouse Rue Croix Baragnon\" \/>\n<meta name=\"robots\" content=\"index, follow, max-snippet:-1, max-image-preview:large, max-video-preview:-1\" \/>\n<link rel=\"canonical\" href=\"https:\/\/lespion.fr\/shop\/p\/veste\/paul-and-joe-veste-courte-ajustee-tweed-laine-vierge\/\" \/>\n<meta property=\"og:locale\" content=\"fr_FR\" \/>\n<meta property=\"og:type\" content=\"article\" \/>\n<meta property=\"og:title\" content=\"PAUL&amp;JOE  Veste Courte Ajust\u00e9e Tweed Laine Vierge\" \/>\n<meta property=\"og:description\" content=\"PAUL&amp;JOE  Veste Courte Ajust\u00e9e Tweed Laine Vierge Boutique L&#039;Espion Cr\u00e9ateurs Designers Femmes Toulouse Rue Croix Baragnon\" \/>\n<meta property=\"og:url\" content=\"https:\/\/lespion.fr\/shop\/p\/veste\/paul-and-joe-veste-courte-ajustee-tweed-laine-vierge\/\" \/>\n<meta property=\"og:site_name\" content=\"L&#039;ESPION\" \/>\n<meta property=\"article:publisher\" content=\"https:\/\/www.facebook.com\/boutiquelespion\" \/>\n<meta property=\"article:modified_time\" content=\"2023-12-17T19:17:58+00:00\" \/>\n<meta property=\"og:image\" content=\"https:\/\/lespion.fr\/shop\/wp-content\/uploads\/sites\/4\/2023\/12\/3-Paul-and-Joe-Veste.jpg\" \/>\n\t<meta property=\"og:image:width\" content=\"404\" \/>\n\t<meta property=\"og:image:height\" content=\"524\" \/>\n\t<meta property=\"og:image:type\" content=\"image\/jpeg\" \/>\n<meta name=\"twitter:card\" content=\"summary_large_image\" \/>\n<script type=\"application\/ld+json\" class=\"yoast-schema-graph\">{\"@context\":\"https:\/\/schema.org\",\"@graph\":[{\"@type\":\"WebPage\",\"@id\":\"https:\/\/lespion.fr\/shop\/p\/veste\/paul-and-joe-veste-courte-ajustee-tweed-laine-vierge\/\",\"url\":\"https:\/\/lespion.fr\/shop\/p\/veste\/paul-and-joe-veste-courte-ajustee-tweed-laine-vierge\/\",\"name\":\"PAUL&JOE Veste Courte Ajust\u00e9e Tweed Laine Vierge Boutique L'Espion Cr\u00e9ateurs Designers Femmes Toulouse Rue Croix Baragnon\",\"isPartOf\":{\"@id\":\"https:\/\/lespion.fr\/shop\/#website\"},\"primaryImageOfPage\":{\"@id\":\"https:\/\/lespion.fr\/shop\/p\/veste\/paul-and-joe-veste-courte-ajustee-tweed-laine-vierge\/#primaryimage\"},\"image\":{\"@id\":\"https:\/\/lespion.fr\/shop\/p\/veste\/paul-and-joe-veste-courte-ajustee-tweed-laine-vierge\/#primaryimage\"},\"thumbnailUrl\":\"https:\/\/lespion.fr\/shop\/wp-content\/uploads\/sites\/4\/2023\/12\/3-Paul-and-Joe-Veste.jpg\",\"datePublished\":\"2023-12-16T18:12:34+00:00\",\"dateModified\":\"2023-12-17T19:17:58+00:00\",\"description\":\"PAUL&JOE Veste Courte Ajust\u00e9e Tweed Laine Vierge Boutique L'Espion Cr\u00e9ateurs Designers Femmes Toulouse Rue Croix Baragnon\",\"breadcrumb\":{\"@id\":\"https:\/\/lespion.fr\/shop\/p\/veste\/paul-and-joe-veste-courte-ajustee-tweed-laine-vierge\/#breadcrumb\"},\"inLanguage\":\"fr-FR\",\"potentialAction\":[{\"@type\":\"ReadAction\",\"target\":[\"https:\/\/lespion.fr\/shop\/p\/veste\/paul-and-joe-veste-courte-ajustee-tweed-laine-vierge\/\"]}]},{\"@type\":\"ImageObject\",\"inLanguage\":\"fr-FR\",\"@id\":\"https:\/\/lespion.fr\/shop\/p\/veste\/paul-and-joe-veste-courte-ajustee-tweed-laine-vierge\/#primaryimage\",\"url\":\"https:\/\/lespion.fr\/shop\/wp-content\/uploads\/sites\/4\/2023\/12\/3-Paul-and-Joe-Veste.jpg\",\"contentUrl\":\"https:\/\/lespion.fr\/shop\/wp-content\/uploads\/sites\/4\/2023\/12\/3-Paul-and-Joe-Veste.jpg\",\"width\":404,\"height\":524},{\"@type\":\"BreadcrumbList\",\"@id\":\"https:\/\/lespion.fr\/shop\/p\/veste\/paul-and-joe-veste-courte-ajustee-tweed-laine-vierge\/#breadcrumb\",\"itemListElement\":[{\"@type\":\"ListItem\",\"position\":1,\"name\":\"Accueil\",\"item\":\"https:\/\/lespion.fr\/shop\/\"},{\"@type\":\"ListItem\",\"position\":2,\"name\":\"L&rsquo;Espion Boutique Cr\u00e9ateur Designer Toulouse\",\"item\":\"https:\/\/lespion.fr\/shop\/shop\/\"},{\"@type\":\"ListItem\",\"position\":3,\"name\":\"PAUL&#038;JOE Veste Courte Ajust\u00e9e Tweed Laine Vierge\"}]},{\"@type\":\"WebSite\",\"@id\":\"https:\/\/lespion.fr\/shop\/#website\",\"url\":\"https:\/\/lespion.fr\/shop\/\",\"name\":\"L'ESPION Boutique Cr\u00e9ateurs Toulouse\",\"description\":\"L&#039;Espion Boutique Cr\u00e9ateur Designer Toulouse\",\"publisher\":{\"@id\":\"https:\/\/lespion.fr\/shop\/#organization\"},\"alternateName\":\"L'Espion Boutique Cr\u00e9ateur Designer Toulouse\",\"potentialAction\":[{\"@type\":\"SearchAction\",\"target\":{\"@type\":\"EntryPoint\",\"urlTemplate\":\"https:\/\/lespion.fr\/shop\/?s={search_term_string}\"},\"query-input\":\"required name=search_term_string\"}],\"inLanguage\":\"fr-FR\"},{\"@type\":\"Organization\",\"@id\":\"https:\/\/lespion.fr\/shop\/#organization\",\"name\":\"L'ESPION Boutique Cr\u00e9ateurs Toulouse\",\"alternateName\":\"L'Espion Boutique Cr\u00e9ateur Designer Toulouse\",\"url\":\"https:\/\/lespion.fr\/shop\/\",\"logo\":{\"@type\":\"ImageObject\",\"inLanguage\":\"fr-FR\",\"@id\":\"https:\/\/lespion.fr\/shop\/#\/schema\/logo\/image\/\",\"url\":\"https:\/\/lespion.fr\/shop\/wp-content\/uploads\/sites\/4\/2023\/12\/telechargement.jpg\",\"contentUrl\":\"https:\/\/lespion.fr\/shop\/wp-content\/uploads\/sites\/4\/2023\/12\/telechargement.jpg\",\"width\":225,\"height\":225,\"caption\":\"L'ESPION Boutique Cr\u00e9ateurs Toulouse\"},\"image\":{\"@id\":\"https:\/\/lespion.fr\/shop\/#\/schema\/logo\/image\/\"},\"sameAs\":[\"https:\/\/www.facebook.com\/boutiquelespion\",\"https:\/\/www.instagram.com\/boutiquelespion\/\"],\"description\":\"Boutique L'Espion Cr\u00e9ateurs Designers Toulouse\",\"legalName\":\"Boutique L'Espion Cr\u00e9ateurs Designers Toulouse\",\"publishingPrinciples\":\"https:\/\/lespion.fr\/shop\/\",\"ownershipFundingInfo\":\"https:\/\/lespion.fr\/shop\/\",\"actionableFeedbackPolicy\":\"https:\/\/lespion.fr\/shop\/\",\"ethicsPolicy\":\"https:\/\/lespion.fr\/shop\/\",\"diversityPolicy\":\"https:\/\/lespion.fr\/shop\/\",\"diversityStaffingReport\":\"https:\/\/lespion.fr\/shop\/\"}]}<\/script>\n<!-- \/ Yoast SEO Premium plugin. -->","yoast_head_json":{"title":"PAUL&JOE  Veste Courte Ajust\u00e9e Tweed Laine Vierge Boutique L'Espion Cr\u00e9ateurs Designers Femmes Toulouse Rue Croix Baragnon","description":"PAUL&JOE  Veste Courte Ajust\u00e9e Tweed Laine Vierge Boutique L'Espion Cr\u00e9ateurs Designers Femmes Toulouse Rue Croix Baragnon","robots":{"index":"index","follow":"follow","max-snippet":"max-snippet:-1","max-image-preview":"max-image-preview:large","max-video-preview":"max-video-preview:-1"},"canonical":"https:\/\/lespion.fr\/shop\/p\/veste\/paul-and-joe-veste-courte-ajustee-tweed-laine-vierge\/","og_locale":"fr_FR","og_type":"article","og_title":"PAUL&JOE  Veste Courte Ajust\u00e9e Tweed Laine Vierge","og_description":"PAUL&JOE  Veste Courte Ajust\u00e9e Tweed Laine Vierge Boutique L'Espion Cr\u00e9ateurs Designers Femmes Toulouse Rue Croix Baragnon","og_url":"https:\/\/lespion.fr\/shop\/p\/veste\/paul-and-joe-veste-courte-ajustee-tweed-laine-vierge\/","og_site_name":"L&#039;ESPION","article_publisher":"https:\/\/www.facebook.com\/boutiquelespion","article_modified_time":"2023-12-17T19:17:58+00:00","og_image":[{"width":404,"height":524,"url":"https:\/\/lespion.fr\/shop\/wp-content\/uploads\/sites\/4\/2023\/12\/3-Paul-and-Joe-Veste.jpg","type":"image\/jpeg"}],"twitter_card":"summary_large_image","schema":{"@context":"https:\/\/schema.org","@graph":[{"@type":"WebPage","@id":"https:\/\/lespion.fr\/shop\/p\/veste\/paul-and-joe-veste-courte-ajustee-tweed-laine-vierge\/","url":"https:\/\/lespion.fr\/shop\/p\/veste\/paul-and-joe-veste-courte-ajustee-tweed-laine-vierge\/","name":"PAUL&JOE Veste Courte Ajust\u00e9e Tweed Laine Vierge Boutique L'Espion Cr\u00e9ateurs Designers Femmes Toulouse Rue Croix Baragnon","isPartOf":{"@id":"https:\/\/lespion.fr\/shop\/#website"},"primaryImageOfPage":{"@id":"https:\/\/lespion.fr\/shop\/p\/veste\/paul-and-joe-veste-courte-ajustee-tweed-laine-vierge\/#primaryimage"},"image":{"@id":"https:\/\/lespion.fr\/shop\/p\/veste\/paul-and-joe-veste-courte-ajustee-tweed-laine-vierge\/#primaryimage"},"thumbnailUrl":"https:\/\/lespion.fr\/shop\/wp-content\/uploads\/sites\/4\/2023\/12\/3-Paul-and-Joe-Veste.jpg","datePublished":"2023-12-16T18:12:34+00:00","dateModified":"2023-12-17T19:17:58+00:00","description":"PAUL&JOE Veste Courte Ajust\u00e9e Tweed Laine Vierge Boutique L'Espion Cr\u00e9ateurs Designers Femmes Toulouse Rue Croix Baragnon","breadcrumb":{"@id":"https:\/\/lespion.fr\/shop\/p\/veste\/paul-and-joe-veste-courte-ajustee-tweed-laine-vierge\/#breadcrumb"},"inLanguage":"fr-FR","potentialAction":[{"@type":"ReadAction","target":["https:\/\/lespion.fr\/shop\/p\/veste\/paul-and-joe-veste-courte-ajustee-tweed-laine-vierge\/"]}]},{"@type":"ImageObject","inLanguage":"fr-FR","@id":"https:\/\/lespion.fr\/shop\/p\/veste\/paul-and-joe-veste-courte-ajustee-tweed-laine-vierge\/#primaryimage","url":"https:\/\/lespion.fr\/shop\/wp-content\/uploads\/sites\/4\/2023\/12\/3-Paul-and-Joe-Veste.jpg","contentUrl":"https:\/\/lespion.fr\/shop\/wp-content\/uploads\/sites\/4\/2023\/12\/3-Paul-and-Joe-Veste.jpg","width":404,"height":524},{"@type":"BreadcrumbList","@id":"https:\/\/lespion.fr\/shop\/p\/veste\/paul-and-joe-veste-courte-ajustee-tweed-laine-vierge\/#breadcrumb","itemListElement":[{"@type":"ListItem","position":1,"name":"Accueil","item":"https:\/\/lespion.fr\/shop\/"},{"@type":"ListItem","position":2,"name":"L&rsquo;Espion Boutique Cr\u00e9ateur Designer Toulouse","item":"https:\/\/lespion.fr\/shop\/shop\/"},{"@type":"ListItem","position":3,"name":"PAUL&#038;JOE Veste Courte Ajust\u00e9e Tweed Laine Vierge"}]},{"@type":"WebSite","@id":"https:\/\/lespion.fr\/shop\/#website","url":"https:\/\/lespion.fr\/shop\/","name":"L'ESPION Boutique Cr\u00e9ateurs Toulouse","description":"L&#039;Espion Boutique Cr\u00e9ateur Designer Toulouse","publisher":{"@id":"https:\/\/lespion.fr\/shop\/#organization"},"alternateName":"L'Espion Boutique Cr\u00e9ateur Designer Toulouse","potentialAction":[{"@type":"SearchAction","target":{"@type":"EntryPoint","urlTemplate":"https:\/\/lespion.fr\/shop\/?s={search_term_string}"},"query-input":"required name=search_term_string"}],"inLanguage":"fr-FR"},{"@type":"Organization","@id":"https:\/\/lespion.fr\/shop\/#organization","name":"L'ESPION Boutique Cr\u00e9ateurs Toulouse","alternateName":"L'Espion Boutique Cr\u00e9ateur Designer Toulouse","url":"https:\/\/lespion.fr\/shop\/","logo":{"@type":"ImageObject","inLanguage":"fr-FR","@id":"https:\/\/lespion.fr\/shop\/#\/schema\/logo\/image\/","url":"https:\/\/lespion.fr\/shop\/wp-content\/uploads\/sites\/4\/2023\/12\/telechargement.jpg","contentUrl":"https:\/\/lespion.fr\/shop\/wp-content\/uploads\/sites\/4\/2023\/12\/telechargement.jpg","width":225,"height":225,"caption":"L'ESPION Boutique Cr\u00e9ateurs Toulouse"},"image":{"@id":"https:\/\/lespion.fr\/shop\/#\/schema\/logo\/image\/"},"sameAs":["https:\/\/www.facebook.com\/boutiquelespion","https:\/\/www.instagram.com\/boutiquelespion\/"],"description":"Boutique L'Espion Cr\u00e9ateurs Designers Toulouse","legalName":"Boutique L'Espion Cr\u00e9ateurs Designers Toulouse","publishingPrinciples":"https:\/\/lespion.fr\/shop\/","ownershipFundingInfo":"https:\/\/lespion.fr\/shop\/","actionableFeedbackPolicy":"https:\/\/lespion.fr\/shop\/","ethicsPolicy":"https:\/\/lespion.fr\/shop\/","diversityPolicy":"https:\/\/lespion.fr\/shop\/","diversityStaffingReport":"https:\/\/lespion.fr\/shop\/"}]}},"_links":{"self":[{"href":"https:\/\/lespion.fr\/shop\/wp-json\/wp\/v3\/product\/4001"}],"collection":[{"href":"https:\/\/lespion.fr\/shop\/wp-json\/wp\/v3\/product"}],"about":[{"href":"https:\/\/lespion.fr\/shop\/wp-json\/wp\/v2\/types\/product"}],"wp:featuredmedia":[{"embeddable":true,"href":"https:\/\/lespion.fr\/shop\/wp-json\/wp\/v2\/media\/4002"}],"wp:attachment":[{"href":"https:\/\/lespion.fr\/shop\/wp-json\/wp\/v2\/media?parent=4001"}],"wp:term":[{"taxonomy":"product_cat","embeddable":true,"href":"https:\/\/lespion.fr\/shop\/wp-json\/wp\/v2\/product_cat?post=4001"},{"taxonomy":"product_tag","embeddable":true,"href":"https:\/\/lespion.fr\/shop\/wp-json\/wp\/v2\/product_tag?post=4001"}],"curies":[{"name":"wp","href":"https:\/\/api.w.org\/{rel}","templated":true}]}}